{"id":823,"date":"2025-06-04T17:29:10","date_gmt":"2025-06-04T20:29:10","guid":{"rendered":"https:\/\/lomasonline.ar\/re9bur2\/?page_id=823"},"modified":"2026-04-05T00:42:41","modified_gmt":"2026-04-05T03:42:41","slug":"emprendimientos","status":"publish","type":"page","link":"https:\/\/lomasonline.ar\/re9bur2\/emprendimientos\/","title":{"rendered":"Emprendimientos"},"content":{"rendered":"\t\t<div data-elementor-type=\"wp-page\" data-elementor-id=\"823\" class=\"elementor elementor-823\">\n\t\t\t\t<div class=\"elementor-element elementor-element-b6dc777 e-flex e-con-boxed e-con e-parent\" data-id=\"b6dc777\" data-element_type=\"container\" data-e-type=\"container\">\n\t\t\t\t\t<div class=\"e-con-inner\">\n\t\t<div class=\"elementor-element elementor-element-a57d94f e-con-full e-flex e-con e-child\" data-id=\"a57d94f\" data-element_type=\"container\" data-e-type=\"container\">\n\t\t\t\t<div class=\"elementor-element elementor-element-f629f65 elementor-widget elementor-widget-image\" data-id=\"f629f65\" data-element_type=\"widget\" data-e-type=\"widget\" data-widget_type=\"image.default\">\n\t\t\t\t<div class=\"elementor-widget-container\">\n\t\t\t\t\t\t\t\t\t\t\t\t\t\t\t\t<a href=\"https:\/\/lomasonline.ar\/re9bur2\/altos-de-bahia\/\">\n\t\t\t\t\t\t\t<img fetchpriority=\"high\" decoding=\"async\" width=\"223\" height=\"300\" src=\"https:\/\/lomasonline.ar\/re9bur2\/wp-content\/uploads\/2026\/04\/Altos-de-bahia-223x300.webp\" class=\"attachment-medium size-medium wp-image-973\" alt=\"\" srcset=\"https:\/\/lomasonline.ar\/re9bur2\/wp-content\/uploads\/2026\/04\/Altos-de-bahia-223x300.webp 223w, https:\/\/lomasonline.ar\/re9bur2\/wp-content\/uploads\/2026\/04\/Altos-de-bahia.webp 272w\" sizes=\"(max-width: 223px) 100vw, 223px\" \/>\t\t\t\t\t\t\t\t<\/a>\n\t\t\t\t\t\t\t\t\t\t\t\t\t\t\t<\/div>\n\t\t\t\t<\/div>\n\t\t\t\t<div class=\"elementor-element elementor-element-63a4e94 elementor-align-justify elementor-widget elementor-widget-button\" data-id=\"63a4e94\" data-element_type=\"widget\" data-e-type=\"widget\" data-widget_type=\"button.default\">\n\t\t\t\t<div class=\"elementor-widget-container\">\n\t\t\t\t\t\t\t\t\t<div class=\"elementor-button-wrapper\">\n\t\t\t\t\t<a class=\"elementor-button elementor-button-link elementor-size-sm\" href=\"https:\/\/lomasonline.ar\/re9bur2\/altos-de-bahia\/\">\n\t\t\t\t\t\t<span class=\"elementor-button-content-wrapper\">\n\t\t\t\t\t\t\t\t\t<span class=\"elementor-button-text\">+ informaci\u00f3n ( demo )<\/span>\n\t\t\t\t\t<\/span>\n\t\t\t\t\t<\/a>\n\t\t\t\t<\/div>\n\t\t\t\t\t\t\t\t<\/div>\n\t\t\t\t<\/div>\n\t\t\t\t<\/div>\n\t\t<div class=\"elementor-element elementor-element-f92ae1d e-con-full e-flex e-con e-child\" data-id=\"f92ae1d\" data-element_type=\"container\" data-e-type=\"container\">\n\t\t\t\t<div class=\"elementor-element elementor-element-6702ed6 elementor-widget elementor-widget-image\" data-id=\"6702ed6\" data-element_type=\"widget\" data-e-type=\"widget\" data-widget_type=\"image.default\">\n\t\t\t\t<div class=\"elementor-widget-container\">\n\t\t\t\t\t\t\t\t\t\t\t\t\t\t\t<img decoding=\"async\" width=\"223\" height=\"300\" src=\"https:\/\/lomasonline.ar\/re9bur2\/wp-content\/uploads\/2026\/04\/Parque-Esmeralda-223x300.webp\" class=\"attachment-medium size-medium wp-image-974\" alt=\"\" srcset=\"https:\/\/lomasonline.ar\/re9bur2\/wp-content\/uploads\/2026\/04\/Parque-Esmeralda-223x300.webp 223w, https:\/\/lomasonline.ar\/re9bur2\/wp-content\/uploads\/2026\/04\/Parque-Esmeralda.webp 272w\" sizes=\"(max-width: 223px) 100vw, 223px\" \/>\t\t\t\t\t\t\t\t\t\t\t\t\t\t\t<\/div>\n\t\t\t\t<\/div>\n\t\t\t\t<div class=\"elementor-element elementor-element-1e3fa5f elementor-align-justify elementor-widget elementor-widget-button\" data-id=\"1e3fa5f\" data-element_type=\"widget\" data-e-type=\"widget\" data-widget_type=\"button.default\">\n\t\t\t\t<div class=\"elementor-widget-container\">\n\t\t\t\t\t\t\t\t\t<div class=\"elementor-button-wrapper\">\n\t\t\t\t\t<a class=\"elementor-button elementor-size-sm\" role=\"button\">\n\t\t\t\t\t\t<span class=\"elementor-button-content-wrapper\">\n\t\t\t\t\t\t\t\t\t<span class=\"elementor-button-text\">+ informaci\u00f3n<\/span>\n\t\t\t\t\t<\/span>\n\t\t\t\t\t<\/a>\n\t\t\t\t<\/div>\n\t\t\t\t\t\t\t\t<\/div>\n\t\t\t\t<\/div>\n\t\t\t\t<\/div>\n\t\t<div class=\"elementor-element elementor-element-9962ee8 e-con-full e-flex e-con e-child\" data-id=\"9962ee8\" data-element_type=\"container\" data-e-type=\"container\">\n\t\t\t\t<div class=\"elementor-element elementor-element-a55ef10 elementor-widget elementor-widget-image\" data-id=\"a55ef10\" data-element_type=\"widget\" data-e-type=\"widget\" data-widget_type=\"image.default\">\n\t\t\t\t<div class=\"elementor-widget-container\">\n\t\t\t\t\t\t\t\t\t\t\t\t\t\t\t<img decoding=\"async\" width=\"223\" height=\"300\" src=\"https:\/\/lomasonline.ar\/re9bur2\/wp-content\/uploads\/2026\/04\/Torres-del-Sud-223x300.webp\" class=\"attachment-medium size-medium wp-image-976\" alt=\"\" srcset=\"https:\/\/lomasonline.ar\/re9bur2\/wp-content\/uploads\/2026\/04\/Torres-del-Sud-223x300.webp 223w, https:\/\/lomasonline.ar\/re9bur2\/wp-content\/uploads\/2026\/04\/Torres-del-Sud.webp 272w\" sizes=\"(max-width: 223px) 100vw, 223px\" \/>\t\t\t\t\t\t\t\t\t\t\t\t\t\t\t<\/div>\n\t\t\t\t<\/div>\n\t\t\t\t<div class=\"elementor-element elementor-element-02d6547 elementor-align-justify elementor-widget elementor-widget-button\" data-id=\"02d6547\" data-element_type=\"widget\" data-e-type=\"widget\" data-widget_type=\"button.default\">\n\t\t\t\t<div class=\"elementor-widget-container\">\n\t\t\t\t\t\t\t\t\t<div class=\"elementor-button-wrapper\">\n\t\t\t\t\t<a class=\"elementor-button elementor-size-sm\" role=\"button\">\n\t\t\t\t\t\t<span class=\"elementor-button-content-wrapper\">\n\t\t\t\t\t\t\t\t\t<span class=\"elementor-button-text\">+ informaci\u00f3n<\/span>\n\t\t\t\t\t<\/span>\n\t\t\t\t\t<\/a>\n\t\t\t\t<\/div>\n\t\t\t\t\t\t\t\t<\/div>\n\t\t\t\t<\/div>\n\t\t\t\t<\/div>\n\t\t<div class=\"elementor-element elementor-element-8aa0c97 e-con-full e-flex e-con e-child\" data-id=\"8aa0c97\" data-element_type=\"container\" data-e-type=\"container\">\n\t\t\t\t<div class=\"elementor-element elementor-element-d4ed5e5 elementor-widget elementor-widget-image\" data-id=\"d4ed5e5\" data-element_type=\"widget\" data-e-type=\"widget\" data-widget_type=\"image.default\">\n\t\t\t\t<div class=\"elementor-widget-container\">\n\t\t\t\t\t\t\t\t\t\t\t\t\t\t\t<img loading=\"lazy\" decoding=\"async\" width=\"223\" height=\"300\" src=\"https:\/\/lomasonline.ar\/re9bur2\/wp-content\/uploads\/2026\/04\/Villas-del-Sol-223x300.webp\" class=\"attachment-medium size-medium wp-image-977\" alt=\"\" srcset=\"https:\/\/lomasonline.ar\/re9bur2\/wp-content\/uploads\/2026\/04\/Villas-del-Sol-223x300.webp 223w, https:\/\/lomasonline.ar\/re9bur2\/wp-content\/uploads\/2026\/04\/Villas-del-Sol.webp 272w\" sizes=\"(max-width: 223px) 100vw, 223px\" \/>\t\t\t\t\t\t\t\t\t\t\t\t\t\t\t<\/div>\n\t\t\t\t<\/div>\n\t\t\t\t<div class=\"elementor-element elementor-element-0b8278f elementor-align-justify elementor-widget elementor-widget-button\" data-id=\"0b8278f\" data-element_type=\"widget\" data-e-type=\"widget\" data-widget_type=\"button.default\">\n\t\t\t\t<div class=\"elementor-widget-container\">\n\t\t\t\t\t\t\t\t\t<div class=\"elementor-button-wrapper\">\n\t\t\t\t\t<a class=\"elementor-button elementor-size-sm\" role=\"button\">\n\t\t\t\t\t\t<span class=\"elementor-button-content-wrapper\">\n\t\t\t\t\t\t\t\t\t<span class=\"elementor-button-text\">+ informaci\u00f3n<\/span>\n\t\t\t\t\t<\/span>\n\t\t\t\t\t<\/a>\n\t\t\t\t<\/div>\n\t\t\t\t\t\t\t\t<\/div>\n\t\t\t\t<\/div>\n\t\t\t\t<\/div>\n\t\t\t\t\t<\/div>\n\t\t\t\t<\/div>\n\t\t<div class=\"elementor-element elementor-element-5c566a87 e-flex e-con-boxed e-con e-parent\" data-id=\"5c566a87\" data-element_type=\"container\" data-e-type=\"container\">\n\t\t\t\t\t<div class=\"e-con-inner\">\n\t\t\t\t<div class=\"elementor-element elementor-element-8cfb739 elementor-widget elementor-widget-heading\" data-id=\"8cfb739\" data-element_type=\"widget\" data-e-type=\"widget\" data-widget_type=\"heading.default\">\n\t\t\t\t<div class=\"elementor-widget-container\">\n\t\t\t\t\t<h3 class=\"elementor-heading-title elementor-size-default\">Novedades, notas de inter\u00e9s. Datos \u00fatiles.<\/h3>\t\t\t\t<\/div>\n\t\t\t\t<\/div>\n\t\t\t\t<div class=\"elementor-element elementor-element-6aaed51 elementor-grid-eael-col-3 elementor-grid-tablet-eael-col-2 elementor-grid-mobile-eael-col-1 elementor-widget elementor-widget-eael-post-grid\" data-id=\"6aaed51\" data-element_type=\"widget\" data-e-type=\"widget\" data-settings=\"{&quot;eael_post_grid_columns&quot;:&quot;eael-col-3&quot;,&quot;eael_post_grid_columns_tablet&quot;:&quot;eael-col-2&quot;,&quot;eael_post_grid_columns_mobile&quot;:&quot;eael-col-1&quot;}\" data-widget_type=\"eael-post-grid.default\">\n\t\t\t\t<div class=\"elementor-widget-container\">\n\t\t\t\t\t<div id=\"eael-post-grid-6aaed51\" class=\"eael-post-grid-container\">\n            <div class=\"eael-post-grid eael-post-appender eael-post-appender-6aaed51 eael-post-grid-style-three\" data-layout-mode=\"masonry\"><article class=\"eael-grid-post  eael-post-grid-column eael-pg-post-749 category-novedades\" data-id=\"749\">\n        <div class=\"eael-grid-post-holder\">\n            <div class=\"eael-grid-post-holder-inner\"><div class=\"eael-entry-media\"><div class=\"eael-entry-overlay fade-in\"><i class=\"fas fa-long-arrow-alt-right\" aria-hidden=\"true\"><\/i><a href=\"https:\/\/lomasonline.ar\/re9bur2\/tu-casa-sonada-3-errores-que-debes-evitar-al-comprar-en-pilar\/\"><\/a><\/div><div class=\"eael-entry-thumbnail \">\n                 <img loading=\"lazy\" decoding=\"async\" width=\"300\" height=\"169\" src=\"https:\/\/lomasonline.ar\/re9bur2\/wp-content\/uploads\/2025\/05\/seedream-image-13-300x169.jpeg\" class=\"attachment-medium size-medium wp-image-414\" alt=\"\" srcset=\"https:\/\/lomasonline.ar\/re9bur2\/wp-content\/uploads\/2025\/05\/seedream-image-13-300x169.jpeg 300w, https:\/\/lomasonline.ar\/re9bur2\/wp-content\/uploads\/2025\/05\/seedream-image-13-768x432.jpeg 768w, https:\/\/lomasonline.ar\/re9bur2\/wp-content\/uploads\/2025\/05\/seedream-image-13-600x338.jpeg 600w, https:\/\/lomasonline.ar\/re9bur2\/wp-content\/uploads\/2025\/05\/seedream-image-13.jpeg 1024w\" sizes=\"(max-width: 300px) 100vw, 300px\" \/>\n             <\/div>\n        <\/div><div class=\"eael-entry-wrapper\"><header class=\"eael-entry-header\"><h2 class=\"eael-entry-title\"><a class=\"eael-grid-post-link\" href=\"https:\/\/lomasonline.ar\/re9bur2\/tu-casa-sonada-3-errores-que-debes-evitar-al-comprar-en-pilar\/\" title=\"Tu Casa So\u00f1ada: 3 Errores que DEBES Evitar al Comprar en Pilar\">Tu Casa So\u00f1ada: 3 Errores que DEBES Evitar al Comprar en Pilar<\/a><\/h2><\/header><div class=\"eael-entry-meta\"><span class=\"eael-posted-by\"><a href=\"https:\/\/lomasonline.ar\/re9bur2\/author\/c1681186\/\" title=\"Entradas de HB\" rel=\"author\">HB<\/a><\/span><span class=\"eael-posted-on\"><time datetime=\"14 mayo, 2025\">14 mayo, 2025<\/time><\/span><\/div><div class=\"eael-entry-content\">\n                        <div class=\"eael-grid-post-excerpt\"><p>&#x26a0;&#xfe0f; Comprar propiedad es emocionante, pero \u00a1no caigas en estos...<\/p><a href=\"https:\/\/lomasonline.ar\/re9bur2\/tu-casa-sonada-3-errores-que-debes-evitar-al-comprar-en-pilar\/\" class=\"eael-post-elements-readmore-btn\">Leer m\u00e1s<\/a><\/div>\n                    <\/div><\/div><\/div>\n        <\/div>\n    <\/article><article class=\"eael-grid-post  eael-post-grid-column eael-pg-post-747 category-novedades\" data-id=\"747\">\n        <div class=\"eael-grid-post-holder\">\n            <div class=\"eael-grid-post-holder-inner\"><div class=\"eael-entry-media\"><div class=\"eael-entry-overlay fade-in\"><i class=\"fas fa-long-arrow-alt-right\" aria-hidden=\"true\"><\/i><a href=\"https:\/\/lomasonline.ar\/re9bur2\/inversion-inteligente-por-que-pilar-es-el-futuro-de-buenos-aires\/\"><\/a><\/div><div class=\"eael-entry-thumbnail \">\n                 <img loading=\"lazy\" decoding=\"async\" width=\"300\" height=\"169\" src=\"https:\/\/lomasonline.ar\/re9bur2\/wp-content\/uploads\/2025\/05\/seedream-image-6-300x169.jpeg\" class=\"attachment-medium size-medium wp-image-415\" alt=\"\" srcset=\"https:\/\/lomasonline.ar\/re9bur2\/wp-content\/uploads\/2025\/05\/seedream-image-6-300x169.jpeg 300w, https:\/\/lomasonline.ar\/re9bur2\/wp-content\/uploads\/2025\/05\/seedream-image-6-768x432.jpeg 768w, https:\/\/lomasonline.ar\/re9bur2\/wp-content\/uploads\/2025\/05\/seedream-image-6-600x338.jpeg 600w, https:\/\/lomasonline.ar\/re9bur2\/wp-content\/uploads\/2025\/05\/seedream-image-6.jpeg 1024w\" sizes=\"(max-width: 300px) 100vw, 300px\" \/>\n             <\/div>\n        <\/div><div class=\"eael-entry-wrapper\"><header class=\"eael-entry-header\"><h2 class=\"eael-entry-title\"><a class=\"eael-grid-post-link\" href=\"https:\/\/lomasonline.ar\/re9bur2\/inversion-inteligente-por-que-pilar-es-el-futuro-de-buenos-aires\/\" title=\"Inversi\u00f3n Inteligente: \u00bfPor qu\u00e9 Pilar es el Futuro de Buenos Aires?\">Inversi\u00f3n Inteligente: \u00bfPor qu\u00e9 Pilar es el Futuro de Buenos Aires?<\/a><\/h2><\/header><div class=\"eael-entry-meta\"><span class=\"eael-posted-by\"><a href=\"https:\/\/lomasonline.ar\/re9bur2\/author\/c1681186\/\" title=\"Entradas de HB\" rel=\"author\">HB<\/a><\/span><span class=\"eael-posted-on\"><time datetime=\"4 abril, 2025\">4 abril, 2025<\/time><\/span><\/div><div class=\"eael-entry-content\">\n                        <div class=\"eael-grid-post-excerpt\"><p>&#x1f3e2; El polo empresarial m\u00e1s din\u00e1mico del GBA est\u00e1 en\u00a0Pilar:...<\/p><a href=\"https:\/\/lomasonline.ar\/re9bur2\/inversion-inteligente-por-que-pilar-es-el-futuro-de-buenos-aires\/\" class=\"eael-post-elements-readmore-btn\">Leer m\u00e1s<\/a><\/div>\n                    <\/div><\/div><\/div>\n        <\/div>\n    <\/article><article class=\"eael-grid-post  eael-post-grid-column eael-pg-post-745 category-novedades\" data-id=\"745\">\n        <div class=\"eael-grid-post-holder\">\n            <div class=\"eael-grid-post-holder-inner\"><div class=\"eael-entry-media\"><div class=\"eael-entry-overlay fade-in\"><i class=\"fas fa-long-arrow-alt-right\" aria-hidden=\"true\"><\/i><a href=\"https:\/\/lomasonline.ar\/re9bur2\/vida-en-pilar-tu-hogar-entre-naturaleza-y-comodidad\/\"><\/a><\/div><div class=\"eael-entry-thumbnail \">\n                 <img loading=\"lazy\" decoding=\"async\" width=\"300\" height=\"150\" src=\"https:\/\/lomasonline.ar\/re9bur2\/wp-content\/uploads\/2025\/05\/townhouse-que-son-y-cual-es-su-origen-300x150.webp\" class=\"attachment-medium size-medium wp-image-575\" alt=\"\" srcset=\"https:\/\/lomasonline.ar\/re9bur2\/wp-content\/uploads\/2025\/05\/townhouse-que-son-y-cual-es-su-origen-300x150.webp 300w, https:\/\/lomasonline.ar\/re9bur2\/wp-content\/uploads\/2025\/05\/townhouse-que-son-y-cual-es-su-origen-1024x512.webp 1024w, https:\/\/lomasonline.ar\/re9bur2\/wp-content\/uploads\/2025\/05\/townhouse-que-son-y-cual-es-su-origen-768x384.webp 768w, https:\/\/lomasonline.ar\/re9bur2\/wp-content\/uploads\/2025\/05\/townhouse-que-son-y-cual-es-su-origen-1536x768.webp 1536w, https:\/\/lomasonline.ar\/re9bur2\/wp-content\/uploads\/2025\/05\/townhouse-que-son-y-cual-es-su-origen-600x300.webp 600w, https:\/\/lomasonline.ar\/re9bur2\/wp-content\/uploads\/2025\/05\/townhouse-que-son-y-cual-es-su-origen.webp 1920w\" sizes=\"(max-width: 300px) 100vw, 300px\" \/>\n             <\/div>\n        <\/div><div class=\"eael-entry-wrapper\"><header class=\"eael-entry-header\"><h2 class=\"eael-entry-title\"><a class=\"eael-grid-post-link\" href=\"https:\/\/lomasonline.ar\/re9bur2\/vida-en-pilar-tu-hogar-entre-naturaleza-y-comodidad\/\" title=\"Vida en Pilar: Tu Hogar entre Naturaleza y Comodidad\">Vida en Pilar: Tu Hogar entre Naturaleza y Comodidad<\/a><\/h2><\/header><div class=\"eael-entry-meta\"><span class=\"eael-posted-by\"><a href=\"https:\/\/lomasonline.ar\/re9bur2\/author\/c1681186\/\" title=\"Entradas de HB\" rel=\"author\">HB<\/a><\/span><span class=\"eael-posted-on\"><time datetime=\"21 marzo, 2025\">21 marzo, 2025<\/time><\/span><\/div><div class=\"eael-entry-content\">\n                        <div class=\"eael-grid-post-excerpt\"><p>&#x1f333; \u00bfBuscas un lugar que combine tranquilidad y modernidad? \u00a1Pilar...<\/p><a href=\"https:\/\/lomasonline.ar\/re9bur2\/vida-en-pilar-tu-hogar-entre-naturaleza-y-comodidad\/\" class=\"eael-post-elements-readmore-btn\">Leer m\u00e1s<\/a><\/div>\n                    <\/div><\/div><\/div>\n        <\/div>\n    <\/article><\/div>\n            <div class=\"clearfix\"><\/div>\n        <\/div>\t\t\t\t<\/div>\n\t\t\t\t<\/div>\n\t\t\t\t\t<\/div>\n\t\t\t\t<\/div>\n\t\t\t\t<\/div>\n\t\t","protected":false},"excerpt":{"rendered":"<p>+ informaci\u00f3n ( demo ) + informaci\u00f3n + informaci\u00f3n + informaci\u00f3n Novedades, notas de inter\u00e9s. Datos \u00fatiles. Tu Casa So\u00f1ada: [&hellip;]<\/p>\n","protected":false},"author":2,"featured_media":0,"parent":0,"menu_order":0,"comment_status":"closed","ping_status":"closed","template":"","meta":{"site-sidebar-layout":"no-sidebar","site-content-layout":"","ast-site-content-layout":"full-width-container","site-content-style":"default","site-sidebar-style":"default","ast-global-header-display":"","ast-banner-title-visibility":"","ast-main-header-display":"","ast-hfb-above-header-display":"","ast-hfb-below-header-display":"","ast-hfb-mobile-header-display":"","site-post-title":"disabled","ast-breadcrumbs-content":"","ast-featured-img":"disabled","footer-sml-layout":"","ast-disable-related-posts":"","theme-transparent-header-meta":"default","adv-header-id-meta":"","stick-header-meta":"","header-above-stick-meta":"","header-main-stick-meta":"","header-below-stick-meta":"","astra-migrate-meta-layouts":"set","ast-page-background-enabled":"default","ast-page-background-meta":{"desktop":{"background-color":"var(--ast-global-color-4)","background-image":"","background-repeat":"repeat","background-position":"center center","background-size":"auto","background-attachment":"scroll","background-type":"","background-media":"","overlay-type":"","overlay-color":"","overlay-opacity":"","overlay-gradient":""},"tablet":{"background-color":"","background-image":"","background-repeat":"repeat","background-position":"center center","background-size":"auto","background-attachment":"scroll","background-type":"","background-media":"","overlay-type":"","overlay-color":"","overlay-opacity":"","overlay-gradient":""},"mobile":{"background-color":"","background-image":"","background-repeat":"repeat","background-position":"center center","background-size":"auto","background-attachment":"scroll","background-type":"","background-media":"","overlay-type":"","overlay-color":"","overlay-opacity":"","overlay-gradient":""}},"ast-content-background-meta":{"desktop":{"background-color":"var(--ast-global-color-5)","background-image":"","background-repeat":"repeat","background-position":"center center","background-size":"auto","background-attachment":"scroll","background-type":"","background-media":"","overlay-type":"","overlay-color":"","overlay-opacity":"","overlay-gradient":""},"tablet":{"background-color":"var(--ast-global-color-5)","background-image":"","background-repeat":"repeat","background-position":"center center","background-size":"auto","background-attachment":"scroll","background-type":"","background-media":"","overlay-type":"","overlay-color":"","overlay-opacity":"","overlay-gradient":""},"mobile":{"background-color":"var(--ast-global-color-5)","background-image":"","background-repeat":"repeat","background-position":"center center","background-size":"auto","background-attachment":"scroll","background-type":"","background-media":"","overlay-type":"","overlay-color":"","overlay-opacity":"","overlay-gradient":""}},"_joinchat":[],"footnotes":""},"class_list":["post-823","page","type-page","status-publish","hentry"],"_links":{"self":[{"href":"https:\/\/lomasonline.ar\/re9bur2\/wp-json\/wp\/v2\/pages\/823","targetHints":{"allow":["GET"]}}],"collection":[{"href":"https:\/\/lomasonline.ar\/re9bur2\/wp-json\/wp\/v2\/pages"}],"about":[{"href":"https:\/\/lomasonline.ar\/re9bur2\/wp-json\/wp\/v2\/types\/page"}],"author":[{"embeddable":true,"href":"https:\/\/lomasonline.ar\/re9bur2\/wp-json\/wp\/v2\/users\/2"}],"replies":[{"embeddable":true,"href":"https:\/\/lomasonline.ar\/re9bur2\/wp-json\/wp\/v2\/comments?post=823"}],"version-history":[{"count":31,"href":"https:\/\/lomasonline.ar\/re9bur2\/wp-json\/wp\/v2\/pages\/823\/revisions"}],"predecessor-version":[{"id":1055,"href":"https:\/\/lomasonline.ar\/re9bur2\/wp-json\/wp\/v2\/pages\/823\/revisions\/1055"}],"wp:attachment":[{"href":"https:\/\/lomasonline.ar\/re9bur2\/wp-json\/wp\/v2\/media?parent=823"}],"curies":[{"name":"wp","href":"https:\/\/api.w.org\/{rel}","templated":true}]}}