{"id":135,"date":"2025-05-09T03:19:25","date_gmt":"2025-05-09T03:19:25","guid":{"rendered":"https:\/\/lomasonline.ar\/re9bur2\/producto\/silver-mist\/"},"modified":"2025-06-04T12:18:24","modified_gmt":"2025-06-04T15:18:24","slug":"townhouse-de-lujo-en-residencial-cerrado","status":"publish","type":"product","link":"https:\/\/lomasonline.ar\/re9bur2\/producto\/townhouse-de-lujo-en-residencial-cerrado\/","title":{"rendered":"Townhouse de Lujo en Residencial Cerrado"},"content":{"rendered":"<p class=\"ds-markdown-paragraph\"><strong>Detalles Clave:<\/strong><\/p>\n<ul>\n<li>\n<p class=\"ds-markdown-paragraph\"><strong>Habitaciones:<\/strong>\u00a02 dormitorios con placares empotrados (master con hidromasaje).<\/p>\n<\/li>\n<li>\n<p class=\"ds-markdown-paragraph\"><strong>Ba\u00f1os:<\/strong>\u00a02 completos con calefacci\u00f3n radiante.<\/p>\n<\/li>\n<li>\n<p class=\"ds-markdown-paragraph\"><strong>Ambientes:<\/strong>\u00a0Living-comedor integrado, cocina con salida al patio, terraza con\u00a0<em>deck<\/em>\u00a0de madera.<\/p>\n<\/li>\n<li>\n<p class=\"ds-markdown-paragraph\"><strong>Extras:<\/strong>\u00a0Seguridad 24\/7, gimnasio comunitario, parrilla de obra y energ\u00eda solar.<br \/>\n<strong>Ubicaci\u00f3n Privilegiada:<\/strong><\/p>\n<\/li>\n<li>\n<p class=\"ds-markdown-paragraph\"><em>A 8 min<\/em>\u00a0de Portal Banfield (cine y supermercado).<\/p>\n<\/li>\n<li>\n<p class=\"ds-markdown-paragraph\"><em>Cercana<\/em>\u00a0a colegios biling\u00fces (Instituto Santa Mar\u00eda) y cafeter\u00edas de moda (<em>Caf\u00e9 Mart\u00ednez<\/em>).<\/p>\n<\/li>\n<li>\n<p class=\"ds-markdown-paragraph\">Rutas r\u00e1pidas a Capital por Autopista Buenos Aires-La Plata.<\/p>\n<\/li>\n<\/ul>\n","protected":false},"excerpt":{"rendered":"<p>Propiedad segura en complejo\u00a0<em>\u00abLas Magnolias\u00bb<\/em>, con 145 m\u00b2 cubiertos y jard\u00edn minimalista. Perfecta para parejas j\u00f3venes o inversores.<\/p>\n","protected":false},"featured_media":575,"template":"","meta":{"site-sidebar-layout":"default","site-content-layout":"","ast-site-content-layout":"default","site-content-style":"default","site-sidebar-style":"default","ast-global-header-display":"","ast-banner-title-visibility":"","ast-main-header-display":"","ast-hfb-above-header-display":"","ast-hfb-below-header-display":"","ast-hfb-mobile-header-display":"","site-post-title":"","ast-breadcrumbs-content":"","ast-featured-img":"","footer-sml-layout":"","ast-disable-related-posts":"","theme-transparent-header-meta":"default","adv-header-id-meta":"","stick-header-meta":"","header-above-stick-meta":"","header-main-stick-meta":"","header-below-stick-meta":"","astra-migrate-meta-layouts":"set","ast-page-background-enabled":"default","ast-page-background-meta":{"desktop":{"background-color":"var(--ast-global-color-4)","background-image":"","background-repeat":"repeat","background-position":"center center","background-size":"auto","background-attachment":"scroll","background-type":"","background-media":"","overlay-type":"","overlay-color":"","overlay-opacity":"","overlay-gradient":""},"tablet":{"background-color":"","background-image":"","background-repeat":"repeat","background-position":"center center","background-size":"auto","background-attachment":"scroll","background-type":"","background-media":"","overlay-type":"","overlay-color":"","overlay-opacity":"","overlay-gradient":""},"mobile":{"background-color":"","background-image":"","background-repeat":"repeat","background-position":"center center","background-size":"auto","background-attachment":"scroll","background-type":"","background-media":"","overlay-type":"","overlay-color":"","overlay-opacity":"","overlay-gradient":""}},"ast-content-background-meta":{"desktop":{"background-color":"var(--ast-global-color-5)","background-image":"","background-repeat":"repeat","background-position":"center center","background-size":"auto","background-attachment":"scroll","background-type":"","background-media":"","overlay-type":"","overlay-color":"","overlay-opacity":"","overlay-gradient":""},"tablet":{"background-color":"var(--ast-global-color-5)","background-image":"","background-repeat":"repeat","background-position":"center center","background-size":"auto","background-attachment":"scroll","background-type":"","background-media":"","overlay-type":"","overlay-color":"","overlay-opacity":"","overlay-gradient":""},"mobile":{"background-color":"var(--ast-global-color-5)","background-image":"","background-repeat":"repeat","background-position":"center center","background-size":"auto","background-attachment":"scroll","background-type":"","background-media":"","overlay-type":"","overlay-color":"","overlay-opacity":"","overlay-gradient":""}},"_joinchat":[]},"product_brand":[],"product_cat":[17],"product_tag":[],"class_list":{"0":"post-135","1":"product","2":"type-product","3":"status-publish","4":"has-post-thumbnail","6":"product_cat-alquiler","7":"desktop-align-left","8":"tablet-align-left","9":"mobile-align-left","11":"first","12":"instock","13":"shipping-taxable","14":"purchasable","15":"product-type-simple"},"_links":{"self":[{"href":"https:\/\/lomasonline.ar\/re9bur2\/wp-json\/wp\/v2\/product\/135","targetHints":{"allow":["GET"]}}],"collection":[{"href":"https:\/\/lomasonline.ar\/re9bur2\/wp-json\/wp\/v2\/product"}],"about":[{"href":"https:\/\/lomasonline.ar\/re9bur2\/wp-json\/wp\/v2\/types\/product"}],"wp:featuredmedia":[{"embeddable":true,"href":"https:\/\/lomasonline.ar\/re9bur2\/wp-json\/wp\/v2\/media\/575"}],"wp:attachment":[{"href":"https:\/\/lomasonline.ar\/re9bur2\/wp-json\/wp\/v2\/media?parent=135"}],"wp:term":[{"taxonomy":"product_brand","embeddable":true,"href":"https:\/\/lomasonline.ar\/re9bur2\/wp-json\/wp\/v2\/product_brand?post=135"},{"taxonomy":"product_cat","embeddable":true,"href":"https:\/\/lomasonline.ar\/re9bur2\/wp-json\/wp\/v2\/product_cat?post=135"},{"taxonomy":"product_tag","embeddable":true,"href":"https:\/\/lomasonline.ar\/re9bur2\/wp-json\/wp\/v2\/product_tag?post=135"}],"curies":[{"name":"wp","href":"https:\/\/api.w.org\/{rel}","templated":true}]}}